{"id":4913,"date":"2022-08-23T14:04:57","date_gmt":"2022-08-23T12:04:57","guid":{"rendered":"https:\/\/hors-champs.poush-dev.be\/produit\/pain-au-levain\/"},"modified":"2026-05-03T02:25:13","modified_gmt":"2026-05-03T00:25:13","slug":"pain-au-levain","status":"publish","type":"product","link":"https:\/\/www.hors-champs.be\/nl\/produit\/pain-au-levain\/","title":{"rendered":"Pain au levain"},"content":{"rendered":"","protected":false},"excerpt":{"rendered":"<blockquote><p>1kg<\/p><\/blockquote>\n<p>Farine de froment et d\u2019\u00e9peautre de la ferme Bar\u00e9. Le m\u00eame pain que celui propos\u00e9 dans notre restaurant.<\/p>\n","protected":false},"featured_media":8396,"template":"","meta":[],"product_brand":[],"product_cat":[32],"product_tag":[],"class_list":{"0":"post-4913","1":"product","2":"type-product","3":"status-publish","4":"has-post-thumbnail","6":"product_cat-niet-geklasseerd","7":"description-off","9":"first","10":"instock","11":"shipping-taxable","12":"purchasable","13":"product-type-simple"},"yoast_head":"<!-- This site is optimized with the Yoast SEO plugin v27.5 - https:\/\/yoast.com\/product\/yoast-seo-wordpress\/ -->\n<title>Pain au levain - Hors-Champs<\/title>\n<meta name=\"robots\" content=\"index, follow, max-snippet:-1, max-image-preview:large, max-video-preview:-1\" \/>\n<link rel=\"canonical\" href=\"https:\/\/www.hors-champs.be\/nl\/produit\/pain-au-levain\/\" \/>\n<meta property=\"og:locale\" content=\"nl_NL\" \/>\n<meta property=\"og:type\" content=\"article\" \/>\n<meta property=\"og:title\" content=\"Pain au levain - Hors-Champs\" \/>\n<meta property=\"og:description\" content=\"1kg Farine de froment et d\u2019\u00e9peautre de la ferme Bar\u00e9. Le m\u00eame pain que celui propos\u00e9 dans notre restaurant.\" \/>\n<meta property=\"og:url\" content=\"https:\/\/www.hors-champs.be\/nl\/produit\/pain-au-levain\/\" \/>\n<meta property=\"og:site_name\" content=\"Hors-Champs\" \/>\n<meta property=\"article:modified_time\" content=\"2026-05-03T00:25:13+00:00\" \/>\n<meta property=\"og:image\" content=\"https:\/\/www.hors-champs.be\/wp-content\/uploads\/2022\/08\/Boulangerie-Hors-champs-Gembloux-EATM-Photography-Web-Decembre-23_-120_websize-e1710940745692.jpg\" \/>\n\t<meta property=\"og:image:width\" content=\"800\" \/>\n\t<meta property=\"og:image:height\" content=\"790\" \/>\n\t<meta property=\"og:image:type\" content=\"image\/jpeg\" \/>\n<meta name=\"twitter:card\" content=\"summary_large_image\" \/>\n<script type=\"application\/ld+json\" class=\"yoast-schema-graph\">{\"@context\":\"https:\\\/\\\/schema.org\",\"@graph\":[{\"@type\":\"WebPage\",\"@id\":\"https:\\\/\\\/www.hors-champs.be\\\/nl\\\/produit\\\/pain-au-levain\\\/\",\"url\":\"https:\\\/\\\/www.hors-champs.be\\\/nl\\\/produit\\\/pain-au-levain\\\/\",\"name\":\"Pain au levain - Hors-Champs\",\"isPartOf\":{\"@id\":\"https:\\\/\\\/www.hors-champs.be\\\/#website\"},\"primaryImageOfPage\":{\"@id\":\"https:\\\/\\\/www.hors-champs.be\\\/nl\\\/produit\\\/pain-au-levain\\\/#primaryimage\"},\"image\":{\"@id\":\"https:\\\/\\\/www.hors-champs.be\\\/nl\\\/produit\\\/pain-au-levain\\\/#primaryimage\"},\"thumbnailUrl\":\"https:\\\/\\\/www.hors-champs.be\\\/wp-content\\\/uploads\\\/2022\\\/08\\\/Boulangerie-Hors-champs-Gembloux-EATM-Photography-Web-Decembre-23_-120_websize-e1710940745692.jpg\",\"datePublished\":\"2022-08-23T12:04:57+00:00\",\"dateModified\":\"2026-05-03T00:25:13+00:00\",\"breadcrumb\":{\"@id\":\"https:\\\/\\\/www.hors-champs.be\\\/nl\\\/produit\\\/pain-au-levain\\\/#breadcrumb\"},\"inLanguage\":\"nl-NL\",\"potentialAction\":[{\"@type\":\"ReadAction\",\"target\":[\"https:\\\/\\\/www.hors-champs.be\\\/nl\\\/produit\\\/pain-au-levain\\\/\"]}]},{\"@type\":\"ImageObject\",\"inLanguage\":\"nl-NL\",\"@id\":\"https:\\\/\\\/www.hors-champs.be\\\/nl\\\/produit\\\/pain-au-levain\\\/#primaryimage\",\"url\":\"https:\\\/\\\/www.hors-champs.be\\\/wp-content\\\/uploads\\\/2022\\\/08\\\/Boulangerie-Hors-champs-Gembloux-EATM-Photography-Web-Decembre-23_-120_websize-e1710940745692.jpg\",\"contentUrl\":\"https:\\\/\\\/www.hors-champs.be\\\/wp-content\\\/uploads\\\/2022\\\/08\\\/Boulangerie-Hors-champs-Gembloux-EATM-Photography-Web-Decembre-23_-120_websize-e1710940745692.jpg\",\"width\":800,\"height\":790},{\"@type\":\"BreadcrumbList\",\"@id\":\"https:\\\/\\\/www.hors-champs.be\\\/nl\\\/produit\\\/pain-au-levain\\\/#breadcrumb\",\"itemListElement\":[{\"@type\":\"ListItem\",\"position\":1,\"name\":\"Accueil\",\"item\":\"https:\\\/\\\/www.hors-champs.be\\\/nl\\\/\"},{\"@type\":\"ListItem\",\"position\":2,\"name\":\"Produits\",\"item\":\"https:\\\/\\\/www.hors-champs.be\\\/shop\\\/\"},{\"@type\":\"ListItem\",\"position\":3,\"name\":\"Pain au levain\"}]},{\"@type\":\"WebSite\",\"@id\":\"https:\\\/\\\/www.hors-champs.be\\\/#website\",\"url\":\"https:\\\/\\\/www.hors-champs.be\\\/\",\"name\":\"Hors-Champs\",\"description\":\"\",\"potentialAction\":[{\"@type\":\"SearchAction\",\"target\":{\"@type\":\"EntryPoint\",\"urlTemplate\":\"https:\\\/\\\/www.hors-champs.be\\\/?s={search_term_string}\"},\"query-input\":{\"@type\":\"PropertyValueSpecification\",\"valueRequired\":true,\"valueName\":\"search_term_string\"}}],\"inLanguage\":\"nl-NL\"}]}<\/script>\n<!-- \/ Yoast SEO plugin. -->","yoast_head_json":{"title":"Pain au levain - Hors-Champs","robots":{"index":"index","follow":"follow","max-snippet":"max-snippet:-1","max-image-preview":"max-image-preview:large","max-video-preview":"max-video-preview:-1"},"canonical":"https:\/\/www.hors-champs.be\/nl\/produit\/pain-au-levain\/","og_locale":"nl_NL","og_type":"article","og_title":"Pain au levain - Hors-Champs","og_description":"1kg Farine de froment et d\u2019\u00e9peautre de la ferme Bar\u00e9. Le m\u00eame pain que celui propos\u00e9 dans notre restaurant.","og_url":"https:\/\/www.hors-champs.be\/nl\/produit\/pain-au-levain\/","og_site_name":"Hors-Champs","article_modified_time":"2026-05-03T00:25:13+00:00","og_image":[{"width":800,"height":790,"url":"https:\/\/www.hors-champs.be\/wp-content\/uploads\/2022\/08\/Boulangerie-Hors-champs-Gembloux-EATM-Photography-Web-Decembre-23_-120_websize-e1710940745692.jpg","type":"image\/jpeg"}],"twitter_card":"summary_large_image","schema":{"@context":"https:\/\/schema.org","@graph":[{"@type":"WebPage","@id":"https:\/\/www.hors-champs.be\/nl\/produit\/pain-au-levain\/","url":"https:\/\/www.hors-champs.be\/nl\/produit\/pain-au-levain\/","name":"Pain au levain - Hors-Champs","isPartOf":{"@id":"https:\/\/www.hors-champs.be\/#website"},"primaryImageOfPage":{"@id":"https:\/\/www.hors-champs.be\/nl\/produit\/pain-au-levain\/#primaryimage"},"image":{"@id":"https:\/\/www.hors-champs.be\/nl\/produit\/pain-au-levain\/#primaryimage"},"thumbnailUrl":"https:\/\/www.hors-champs.be\/wp-content\/uploads\/2022\/08\/Boulangerie-Hors-champs-Gembloux-EATM-Photography-Web-Decembre-23_-120_websize-e1710940745692.jpg","datePublished":"2022-08-23T12:04:57+00:00","dateModified":"2026-05-03T00:25:13+00:00","breadcrumb":{"@id":"https:\/\/www.hors-champs.be\/nl\/produit\/pain-au-levain\/#breadcrumb"},"inLanguage":"nl-NL","potentialAction":[{"@type":"ReadAction","target":["https:\/\/www.hors-champs.be\/nl\/produit\/pain-au-levain\/"]}]},{"@type":"ImageObject","inLanguage":"nl-NL","@id":"https:\/\/www.hors-champs.be\/nl\/produit\/pain-au-levain\/#primaryimage","url":"https:\/\/www.hors-champs.be\/wp-content\/uploads\/2022\/08\/Boulangerie-Hors-champs-Gembloux-EATM-Photography-Web-Decembre-23_-120_websize-e1710940745692.jpg","contentUrl":"https:\/\/www.hors-champs.be\/wp-content\/uploads\/2022\/08\/Boulangerie-Hors-champs-Gembloux-EATM-Photography-Web-Decembre-23_-120_websize-e1710940745692.jpg","width":800,"height":790},{"@type":"BreadcrumbList","@id":"https:\/\/www.hors-champs.be\/nl\/produit\/pain-au-levain\/#breadcrumb","itemListElement":[{"@type":"ListItem","position":1,"name":"Accueil","item":"https:\/\/www.hors-champs.be\/nl\/"},{"@type":"ListItem","position":2,"name":"Produits","item":"https:\/\/www.hors-champs.be\/shop\/"},{"@type":"ListItem","position":3,"name":"Pain au levain"}]},{"@type":"WebSite","@id":"https:\/\/www.hors-champs.be\/#website","url":"https:\/\/www.hors-champs.be\/","name":"Hors-Champs","description":"","potentialAction":[{"@type":"SearchAction","target":{"@type":"EntryPoint","urlTemplate":"https:\/\/www.hors-champs.be\/?s={search_term_string}"},"query-input":{"@type":"PropertyValueSpecification","valueRequired":true,"valueName":"search_term_string"}}],"inLanguage":"nl-NL"}]}},"jetpack_sharing_enabled":true,"_links":{"self":[{"href":"https:\/\/www.hors-champs.be\/nl\/wp-json\/wp\/v2\/product\/4913","targetHints":{"allow":["GET"]}}],"collection":[{"href":"https:\/\/www.hors-champs.be\/nl\/wp-json\/wp\/v2\/product"}],"about":[{"href":"https:\/\/www.hors-champs.be\/nl\/wp-json\/wp\/v2\/types\/product"}],"wp:featuredmedia":[{"embeddable":true,"href":"https:\/\/www.hors-champs.be\/nl\/wp-json\/wp\/v2\/media\/8396"}],"wp:attachment":[{"href":"https:\/\/www.hors-champs.be\/nl\/wp-json\/wp\/v2\/media?parent=4913"}],"wp:term":[{"taxonomy":"product_brand","embeddable":true,"href":"https:\/\/www.hors-champs.be\/nl\/wp-json\/wp\/v2\/product_brand?post=4913"},{"taxonomy":"product_cat","embeddable":true,"href":"https:\/\/www.hors-champs.be\/nl\/wp-json\/wp\/v2\/product_cat?post=4913"},{"taxonomy":"product_tag","embeddable":true,"href":"https:\/\/www.hors-champs.be\/nl\/wp-json\/wp\/v2\/product_tag?post=4913"}],"curies":[{"name":"wp","href":"https:\/\/api.w.org\/{rel}","templated":true}]}}