{"id":4910,"date":"2022-08-23T16:54:00","date_gmt":"2022-08-23T14:54:00","guid":{"rendered":"https:\/\/hors-champs.poush-dev.be\/produit\/baguette\/"},"modified":"2026-04-12T02:13:04","modified_gmt":"2026-04-12T00:13:04","slug":"baguette","status":"publish","type":"product","link":"https:\/\/www.hors-champs.be\/nl\/produit\/baguette\/","title":{"rendered":"Baguette"},"content":{"rendered":"<blockquote><p>&nbsp;<\/p><\/blockquote>\n","protected":false},"excerpt":{"rendered":"<p>300g<\/p>\n<p>Baguettes au levain fa\u00e7onn\u00e9es \u00e0 la main et cuites au feu de bois.<\/p>\n","protected":false},"featured_media":8386,"template":"","meta":[],"product_brand":[],"product_cat":[32],"product_tag":[],"class_list":{"0":"post-4910","1":"product","2":"type-product","3":"status-publish","4":"has-post-thumbnail","6":"product_cat-niet-geklasseerd","7":"description-off","9":"first","10":"instock","11":"shipping-taxable","12":"purchasable","13":"product-type-simple"},"yoast_head":"<!-- This site is optimized with the Yoast SEO plugin v27.4 - https:\/\/yoast.com\/product\/yoast-seo-wordpress\/ -->\n<title>Baguette - Hors-Champs<\/title>\n<meta name=\"description\" content=\"Baguettes au levain fa\u00e7onn\u00e9es \u00e0 la main disponible du vendredi au dimanche \u00e0 la boulangerie by Hors-Champs \u00e0 Ernage.\" \/>\n<meta name=\"robots\" content=\"index, follow, max-snippet:-1, max-image-preview:large, max-video-preview:-1\" \/>\n<link rel=\"canonical\" href=\"https:\/\/www.hors-champs.be\/nl\/produit\/baguette\/\" \/>\n<meta property=\"og:locale\" content=\"nl_NL\" \/>\n<meta property=\"og:type\" content=\"article\" \/>\n<meta property=\"og:title\" content=\"Baguette - Hors-Champs\" \/>\n<meta property=\"og:description\" content=\"Baguettes au levain fa\u00e7onn\u00e9es \u00e0 la main disponible du vendredi au dimanche \u00e0 la boulangerie by Hors-Champs \u00e0 Ernage.\" \/>\n<meta property=\"og:url\" content=\"https:\/\/www.hors-champs.be\/nl\/produit\/baguette\/\" \/>\n<meta property=\"og:site_name\" content=\"Hors-Champs\" \/>\n<meta property=\"article:modified_time\" content=\"2026-04-12T00:13:04+00:00\" \/>\n<meta property=\"og:image\" content=\"https:\/\/www.hors-champs.be\/wp-content\/uploads\/2022\/08\/Boulangerie-Hors-champs-Gembloux-EATM-Photography-Web-Decembre-23_-122_websize.jpg\" \/>\n\t<meta property=\"og:image:width\" content=\"800\" \/>\n\t<meta property=\"og:image:height\" content=\"1200\" \/>\n\t<meta property=\"og:image:type\" content=\"image\/jpeg\" \/>\n<meta name=\"twitter:card\" content=\"summary_large_image\" \/>\n<script type=\"application\/ld+json\" class=\"yoast-schema-graph\">{\"@context\":\"https:\\\/\\\/schema.org\",\"@graph\":[{\"@type\":\"WebPage\",\"@id\":\"https:\\\/\\\/www.hors-champs.be\\\/nl\\\/produit\\\/baguette\\\/\",\"url\":\"https:\\\/\\\/www.hors-champs.be\\\/nl\\\/produit\\\/baguette\\\/\",\"name\":\"Baguette - Hors-Champs\",\"isPartOf\":{\"@id\":\"https:\\\/\\\/www.hors-champs.be\\\/#website\"},\"primaryImageOfPage\":{\"@id\":\"https:\\\/\\\/www.hors-champs.be\\\/nl\\\/produit\\\/baguette\\\/#primaryimage\"},\"image\":{\"@id\":\"https:\\\/\\\/www.hors-champs.be\\\/nl\\\/produit\\\/baguette\\\/#primaryimage\"},\"thumbnailUrl\":\"https:\\\/\\\/www.hors-champs.be\\\/wp-content\\\/uploads\\\/2022\\\/08\\\/Boulangerie-Hors-champs-Gembloux-EATM-Photography-Web-Decembre-23_-122_websize.jpg\",\"datePublished\":\"2022-08-23T14:54:00+00:00\",\"dateModified\":\"2026-04-12T00:13:04+00:00\",\"description\":\"Baguettes au levain fa\u00e7onn\u00e9es \u00e0 la main disponible du vendredi au dimanche \u00e0 la boulangerie by Hors-Champs \u00e0 Ernage.\",\"breadcrumb\":{\"@id\":\"https:\\\/\\\/www.hors-champs.be\\\/nl\\\/produit\\\/baguette\\\/#breadcrumb\"},\"inLanguage\":\"nl-NL\",\"potentialAction\":[{\"@type\":\"ReadAction\",\"target\":[\"https:\\\/\\\/www.hors-champs.be\\\/nl\\\/produit\\\/baguette\\\/\"]}]},{\"@type\":\"ImageObject\",\"inLanguage\":\"nl-NL\",\"@id\":\"https:\\\/\\\/www.hors-champs.be\\\/nl\\\/produit\\\/baguette\\\/#primaryimage\",\"url\":\"https:\\\/\\\/www.hors-champs.be\\\/wp-content\\\/uploads\\\/2022\\\/08\\\/Boulangerie-Hors-champs-Gembloux-EATM-Photography-Web-Decembre-23_-122_websize.jpg\",\"contentUrl\":\"https:\\\/\\\/www.hors-champs.be\\\/wp-content\\\/uploads\\\/2022\\\/08\\\/Boulangerie-Hors-champs-Gembloux-EATM-Photography-Web-Decembre-23_-122_websize.jpg\",\"width\":800,\"height\":1200,\"caption\":\"EATM-Photography\"},{\"@type\":\"BreadcrumbList\",\"@id\":\"https:\\\/\\\/www.hors-champs.be\\\/nl\\\/produit\\\/baguette\\\/#breadcrumb\",\"itemListElement\":[{\"@type\":\"ListItem\",\"position\":1,\"name\":\"Accueil\",\"item\":\"https:\\\/\\\/www.hors-champs.be\\\/nl\\\/\"},{\"@type\":\"ListItem\",\"position\":2,\"name\":\"Produits\",\"item\":\"https:\\\/\\\/www.hors-champs.be\\\/shop\\\/\"},{\"@type\":\"ListItem\",\"position\":3,\"name\":\"Baguette\"}]},{\"@type\":\"WebSite\",\"@id\":\"https:\\\/\\\/www.hors-champs.be\\\/#website\",\"url\":\"https:\\\/\\\/www.hors-champs.be\\\/\",\"name\":\"Hors-Champs\",\"description\":\"\",\"potentialAction\":[{\"@type\":\"SearchAction\",\"target\":{\"@type\":\"EntryPoint\",\"urlTemplate\":\"https:\\\/\\\/www.hors-champs.be\\\/?s={search_term_string}\"},\"query-input\":{\"@type\":\"PropertyValueSpecification\",\"valueRequired\":true,\"valueName\":\"search_term_string\"}}],\"inLanguage\":\"nl-NL\"}]}<\/script>\n<!-- \/ Yoast SEO plugin. -->","yoast_head_json":{"title":"Baguette - Hors-Champs","description":"Baguettes au levain fa\u00e7onn\u00e9es \u00e0 la main disponible du vendredi au dimanche \u00e0 la boulangerie by Hors-Champs \u00e0 Ernage.","robots":{"index":"index","follow":"follow","max-snippet":"max-snippet:-1","max-image-preview":"max-image-preview:large","max-video-preview":"max-video-preview:-1"},"canonical":"https:\/\/www.hors-champs.be\/nl\/produit\/baguette\/","og_locale":"nl_NL","og_type":"article","og_title":"Baguette - Hors-Champs","og_description":"Baguettes au levain fa\u00e7onn\u00e9es \u00e0 la main disponible du vendredi au dimanche \u00e0 la boulangerie by Hors-Champs \u00e0 Ernage.","og_url":"https:\/\/www.hors-champs.be\/nl\/produit\/baguette\/","og_site_name":"Hors-Champs","article_modified_time":"2026-04-12T00:13:04+00:00","og_image":[{"width":800,"height":1200,"url":"https:\/\/www.hors-champs.be\/wp-content\/uploads\/2022\/08\/Boulangerie-Hors-champs-Gembloux-EATM-Photography-Web-Decembre-23_-122_websize.jpg","type":"image\/jpeg"}],"twitter_card":"summary_large_image","schema":{"@context":"https:\/\/schema.org","@graph":[{"@type":"WebPage","@id":"https:\/\/www.hors-champs.be\/nl\/produit\/baguette\/","url":"https:\/\/www.hors-champs.be\/nl\/produit\/baguette\/","name":"Baguette - Hors-Champs","isPartOf":{"@id":"https:\/\/www.hors-champs.be\/#website"},"primaryImageOfPage":{"@id":"https:\/\/www.hors-champs.be\/nl\/produit\/baguette\/#primaryimage"},"image":{"@id":"https:\/\/www.hors-champs.be\/nl\/produit\/baguette\/#primaryimage"},"thumbnailUrl":"https:\/\/www.hors-champs.be\/wp-content\/uploads\/2022\/08\/Boulangerie-Hors-champs-Gembloux-EATM-Photography-Web-Decembre-23_-122_websize.jpg","datePublished":"2022-08-23T14:54:00+00:00","dateModified":"2026-04-12T00:13:04+00:00","description":"Baguettes au levain fa\u00e7onn\u00e9es \u00e0 la main disponible du vendredi au dimanche \u00e0 la boulangerie by Hors-Champs \u00e0 Ernage.","breadcrumb":{"@id":"https:\/\/www.hors-champs.be\/nl\/produit\/baguette\/#breadcrumb"},"inLanguage":"nl-NL","potentialAction":[{"@type":"ReadAction","target":["https:\/\/www.hors-champs.be\/nl\/produit\/baguette\/"]}]},{"@type":"ImageObject","inLanguage":"nl-NL","@id":"https:\/\/www.hors-champs.be\/nl\/produit\/baguette\/#primaryimage","url":"https:\/\/www.hors-champs.be\/wp-content\/uploads\/2022\/08\/Boulangerie-Hors-champs-Gembloux-EATM-Photography-Web-Decembre-23_-122_websize.jpg","contentUrl":"https:\/\/www.hors-champs.be\/wp-content\/uploads\/2022\/08\/Boulangerie-Hors-champs-Gembloux-EATM-Photography-Web-Decembre-23_-122_websize.jpg","width":800,"height":1200,"caption":"EATM-Photography"},{"@type":"BreadcrumbList","@id":"https:\/\/www.hors-champs.be\/nl\/produit\/baguette\/#breadcrumb","itemListElement":[{"@type":"ListItem","position":1,"name":"Accueil","item":"https:\/\/www.hors-champs.be\/nl\/"},{"@type":"ListItem","position":2,"name":"Produits","item":"https:\/\/www.hors-champs.be\/shop\/"},{"@type":"ListItem","position":3,"name":"Baguette"}]},{"@type":"WebSite","@id":"https:\/\/www.hors-champs.be\/#website","url":"https:\/\/www.hors-champs.be\/","name":"Hors-Champs","description":"","potentialAction":[{"@type":"SearchAction","target":{"@type":"EntryPoint","urlTemplate":"https:\/\/www.hors-champs.be\/?s={search_term_string}"},"query-input":{"@type":"PropertyValueSpecification","valueRequired":true,"valueName":"search_term_string"}}],"inLanguage":"nl-NL"}]}},"jetpack_sharing_enabled":true,"_links":{"self":[{"href":"https:\/\/www.hors-champs.be\/nl\/wp-json\/wp\/v2\/product\/4910","targetHints":{"allow":["GET"]}}],"collection":[{"href":"https:\/\/www.hors-champs.be\/nl\/wp-json\/wp\/v2\/product"}],"about":[{"href":"https:\/\/www.hors-champs.be\/nl\/wp-json\/wp\/v2\/types\/product"}],"wp:featuredmedia":[{"embeddable":true,"href":"https:\/\/www.hors-champs.be\/nl\/wp-json\/wp\/v2\/media\/8386"}],"wp:attachment":[{"href":"https:\/\/www.hors-champs.be\/nl\/wp-json\/wp\/v2\/media?parent=4910"}],"wp:term":[{"taxonomy":"product_brand","embeddable":true,"href":"https:\/\/www.hors-champs.be\/nl\/wp-json\/wp\/v2\/product_brand?post=4910"},{"taxonomy":"product_cat","embeddable":true,"href":"https:\/\/www.hors-champs.be\/nl\/wp-json\/wp\/v2\/product_cat?post=4910"},{"taxonomy":"product_tag","embeddable":true,"href":"https:\/\/www.hors-champs.be\/nl\/wp-json\/wp\/v2\/product_tag?post=4910"}],"curies":[{"name":"wp","href":"https:\/\/api.w.org\/{rel}","templated":true}]}}